{"id":46,"date":"2025-10-15T22:31:30","date_gmt":"2025-10-15T20:31:30","guid":{"rendered":"https:\/\/departamentos.iesvegadelturia.es\/bi\/?page_id=46"},"modified":"2026-02-22T00:44:17","modified_gmt":"2026-02-21T23:44:17","slug":"admision","status":"publish","type":"page","link":"https:\/\/departamentos.iesvegadelturia.es\/bi\/admision\/","title":{"rendered":"Admisi\u00f3n"},"content":{"rendered":"\n<p>Estamos a la espera de la <strong>autorizaci\u00f3n<\/strong> de la Organizaci\u00f3n del Bachillerato Internacional. Si quieres recibir informaci\u00f3n sobre el proceso de admisi\u00f3n, puedes ponerte en contacto con nosotros llamando al siguiente n\u00famero de tel\u00e9fono:<\/p>\n\n\n\n<p><strong>978602644<\/strong><\/p>\n\n\n\n<p>escribiendo al siguiente correo electr\u00f3nico:<\/p>\n\n\n\n<p><a href=\"mailto:coordinacionbi@iesvegadelturia.es\">coordinacionbi@iesvegadelturia.es<\/a><\/p>\n\n\n\n<p>o apunt\u00e1ndote en este <a href=\"https:\/\/cloud.iesvegadelturia.es\/index.php\/apps\/forms\/s\/ffPXDjk4EDb5aj4Mwzr3TQXz\">fomulario<\/a>.<\/p>\n","protected":false},"excerpt":{"rendered":"<p>Estamos a la espera de la autorizaci\u00f3n de la Organizaci\u00f3n del Bachillerato Internacional. Si quieres recibir informaci\u00f3n sobre el proceso de admisi\u00f3n, puedes ponerte en contacto con nosotros llamando al siguiente n\u00famero de tel\u00e9fono: 978602644 escribiendo al siguiente correo electr\u00f3nico: coordinacionbi@iesvegadelturia.es o apunt\u00e1ndote en este fomulario.<\/p>\n","protected":false},"author":28,"featured_media":0,"parent":0,"menu_order":4,"comment_status":"closed","ping_status":"closed","template":"","meta":{"footnotes":""},"class_list":["post-46","page","type-page","status-publish","hentry"],"_links":{"self":[{"href":"https:\/\/departamentos.iesvegadelturia.es\/bi\/wp-json\/wp\/v2\/pages\/46","targetHints":{"allow":["GET"]}}],"collection":[{"href":"https:\/\/departamentos.iesvegadelturia.es\/bi\/wp-json\/wp\/v2\/pages"}],"about":[{"href":"https:\/\/departamentos.iesvegadelturia.es\/bi\/wp-json\/wp\/v2\/types\/page"}],"author":[{"embeddable":true,"href":"https:\/\/departamentos.iesvegadelturia.es\/bi\/wp-json\/wp\/v2\/users\/28"}],"replies":[{"embeddable":true,"href":"https:\/\/departamentos.iesvegadelturia.es\/bi\/wp-json\/wp\/v2\/comments?post=46"}],"version-history":[{"count":7,"href":"https:\/\/departamentos.iesvegadelturia.es\/bi\/wp-json\/wp\/v2\/pages\/46\/revisions"}],"predecessor-version":[{"id":127,"href":"https:\/\/departamentos.iesvegadelturia.es\/bi\/wp-json\/wp\/v2\/pages\/46\/revisions\/127"}],"wp:attachment":[{"href":"https:\/\/departamentos.iesvegadelturia.es\/bi\/wp-json\/wp\/v2\/media?parent=46"}],"curies":[{"name":"wp","href":"https:\/\/api.w.org\/{rel}","templated":true}]}}