{"id":50,"date":"2025-10-15T22:34:07","date_gmt":"2025-10-15T20:34:07","guid":{"rendered":"https:\/\/departamentos.iesvegadelturia.es\/bi\/?page_id=50"},"modified":"2025-11-26T21:08:18","modified_gmt":"2025-11-26T20:08:18","slug":"bachillerato-internacional","status":"publish","type":"page","link":"https:\/\/departamentos.iesvegadelturia.es\/bi\/bachillerato-internacional\/","title":{"rendered":"Bachillerato Internacional"},"content":{"rendered":"\n<p>La <a href=\"https:\/\/www.ibo.org\/es\" data-type=\"link\" data-id=\"https:\/\/www.ibo.org\/es\">Organizaci\u00f3n del Bachillerato Internacional<\/a> (OBI) es una fundaci\u00f3n educativa internacional sin \u00e1nimo de lucro, creada en 1968 en Ginebra, Suiza. Esta organizaci\u00f3n desarrolla y ofrece programas educativos de alta calidad y exigencia para estudiantes de entre 3 y 19 a\u00f1os, con un enfoque en desarrollar pensamiento cr\u00edtico, habilidades interculturales y una formaci\u00f3n integral que facilite el acceso a universidades en todo el mundo. La OBI coordina cuatro programas que se adaptan a distintas etapas educativas y se imparten en colegios de todo el mundo, tanto p\u00fablicos como privados, y cuenta con oficinas regionales para dar soporte a sus instituciones asociadas.<\/p>\n\n\n\n<p>Los fines principales de la OBI son capacitar docentes, respaldar a los colegios en la implementaci\u00f3n de sus programas, evaluar a los estudiantes, investigar tendencias educativas y establecer v\u00ednculos con gobiernos y universidades para reconocimiento y financiaci\u00f3n. Su programa m\u00e1s conocido es el <a href=\"https:\/\/www.ibo.org\/es\/programmes\/diploma-programme\/\" data-type=\"link\" data-id=\"https:\/\/www.ibo.org\/es\/programmes\/diploma-programme\/\">Programa del Diploma<\/a>, que dura dos a\u00f1os y se centra en un curr\u00edculo riguroso que incluye teor\u00eda del conocimiento, una monograf\u00eda y actividades de creatividad, acci\u00f3n y servicio, adem\u00e1s de seis grupos de asignaturas con niveles medio y superior.<\/p>\n\n\n\n<p>En resumen, la Organizaci\u00f3n del Bachillerato Internacional es una entidad global que promueve una educaci\u00f3n internacional con una filosof\u00eda de formaci\u00f3n continua, cr\u00edtica y global para preparar a los estudiantes para los retos del mundo actual y facilitar su movilidad entre sistemas educativos y universitarios internacionales.<\/p>\n","protected":false},"excerpt":{"rendered":"<p>La Organizaci\u00f3n del Bachillerato Internacional (OBI) es una fundaci\u00f3n educativa internacional sin \u00e1nimo de lucro, creada en 1968 en Ginebra, Suiza. Esta organizaci\u00f3n desarrolla y ofrece programas educativos de alta calidad y exigencia para estudiantes de entre 3 y 19 a\u00f1os, con un enfoque en desarrollar pensamiento cr\u00edtico, habilidades interculturales y una formaci\u00f3n integral que [&hellip;]<\/p>\n","protected":false},"author":28,"featured_media":0,"parent":0,"menu_order":2,"comment_status":"closed","ping_status":"closed","template":"","meta":{"footnotes":""},"class_list":["post-50","page","type-page","status-publish","hentry"],"_links":{"self":[{"href":"https:\/\/departamentos.iesvegadelturia.es\/bi\/wp-json\/wp\/v2\/pages\/50","targetHints":{"allow":["GET"]}}],"collection":[{"href":"https:\/\/departamentos.iesvegadelturia.es\/bi\/wp-json\/wp\/v2\/pages"}],"about":[{"href":"https:\/\/departamentos.iesvegadelturia.es\/bi\/wp-json\/wp\/v2\/types\/page"}],"author":[{"embeddable":true,"href":"https:\/\/departamentos.iesvegadelturia.es\/bi\/wp-json\/wp\/v2\/users\/28"}],"replies":[{"embeddable":true,"href":"https:\/\/departamentos.iesvegadelturia.es\/bi\/wp-json\/wp\/v2\/comments?post=50"}],"version-history":[{"count":3,"href":"https:\/\/departamentos.iesvegadelturia.es\/bi\/wp-json\/wp\/v2\/pages\/50\/revisions"}],"predecessor-version":[{"id":80,"href":"https:\/\/departamentos.iesvegadelturia.es\/bi\/wp-json\/wp\/v2\/pages\/50\/revisions\/80"}],"wp:attachment":[{"href":"https:\/\/departamentos.iesvegadelturia.es\/bi\/wp-json\/wp\/v2\/media?parent=50"}],"curies":[{"name":"wp","href":"https:\/\/api.w.org\/{rel}","templated":true}]}}