{"id":59,"date":"2025-11-26T19:08:09","date_gmt":"2025-11-26T18:08:09","guid":{"rendered":"https:\/\/departamentos.iesvegadelturia.es\/bi\/?page_id=59"},"modified":"2026-02-26T20:12:20","modified_gmt":"2026-02-26T19:12:20","slug":"proceso-de-autorizacion","status":"publish","type":"page","link":"https:\/\/departamentos.iesvegadelturia.es\/bi\/proceso-de-autorizacion\/","title":{"rendered":"Proceso de autorizaci\u00f3n"},"content":{"rendered":"\n<div class=\"wp-block-media-text is-stacked-on-mobile is-vertically-aligned-center\" style=\"grid-template-columns:48% auto\"><figure class=\"wp-block-media-text__media\"><img loading=\"lazy\" decoding=\"async\" width=\"1024\" height=\"275\" src=\"http:\/\/departamentos.iesvegadelturia.es\/bi\/wp-content\/uploads\/sites\/27\/2026\/02\/6821_ib-candidacy-dp-s-1024x275.png\" alt=\"\" class=\"wp-image-121 size-full\" srcset=\"https:\/\/departamentos.iesvegadelturia.es\/bi\/wp-content\/uploads\/sites\/27\/2026\/02\/6821_ib-candidacy-dp-s-1024x275.png 1024w, https:\/\/departamentos.iesvegadelturia.es\/bi\/wp-content\/uploads\/sites\/27\/2026\/02\/6821_ib-candidacy-dp-s-300x81.png 300w, https:\/\/departamentos.iesvegadelturia.es\/bi\/wp-content\/uploads\/sites\/27\/2026\/02\/6821_ib-candidacy-dp-s-768x206.png 768w, https:\/\/departamentos.iesvegadelturia.es\/bi\/wp-content\/uploads\/sites\/27\/2026\/02\/6821_ib-candidacy-dp-s-1536x413.png 1536w, https:\/\/departamentos.iesvegadelturia.es\/bi\/wp-content\/uploads\/sites\/27\/2026\/02\/6821_ib-candidacy-dp-s-2048x551.png 2048w, https:\/\/departamentos.iesvegadelturia.es\/bi\/wp-content\/uploads\/sites\/27\/2026\/02\/6821_ib-candidacy-dp-s-400x108.png 400w\" sizes=\"auto, (max-width: 1024px) 100vw, 1024px\" \/><\/figure><div class=\"wp-block-media-text__content\">\n<p>El <strong>IES Vega del Turia<\/strong> es un colegio de categor\u00eda <strong><em>solicitante<\/em><\/strong><sup data-fn=\"bc4893c2-78d1-4511-a6cd-81dbc3f275ba\" class=\"fn\"><a href=\"#bc4893c2-78d1-4511-a6cd-81dbc3f275ba\" id=\"bc4893c2-78d1-4511-a6cd-81dbc3f275ba-link\">1<\/a><\/sup> para el <strong>Programa del Diploma<\/strong> y desea obtener la autorizaci\u00f3n para ser un <strong>Colegio del Mundo del IB<\/strong>. Estos son colegios que comparten una filosof\u00eda com\u00fan: un compromiso con una educaci\u00f3n internacional rigurosa y de calidad que IES Vega del Turia considera que es importante para los alumnos.<\/p>\n<\/div><\/div>\n\n\n\n<blockquote class=\"wp-block-quote is-layout-flow wp-block-quote-is-layout-flow\">\n<p>El Programa del Diploma del Bachillerato Internacional es un programa educativo <strong>riguroso<\/strong> de dos a\u00f1os para estudiantes de 16 a 19 a\u00f1os, con su <strong>propio sistema de evaluaci\u00f3n<\/strong>, enfoque internacional y reconocimiento por universidades de prestigio. Promociona la excelencia acad\u00e9mica, busca desarrollar conocimientos profundos y habilidades personales, sociales y de pensamiento cr\u00edtico, sin olvidar los \u00e1mbitos emocional, f\u00edsico y \u00e9tico; es decir, promueve el <strong>desarrollo integral<\/strong> del alumnado.<\/p>\n<\/blockquote>\n\n\n\n<p>Desde entonces, seguimos adelante en el proceso de autorizaci\u00f3n para la implementaci\u00f3n de este programa alcanzando sucesivo hitos con el objetivo de empezar a impartirlo el <strong>curso 2026\/2027<\/strong>. Hemos realizado la <em>solicitud de autorizaci\u00f3n<\/em> y recibiremos la <em>visita de verificaci\u00f3n<\/em> virtual los d\u00edas 18 y 19 de marzo, un paso fundamental en este proceso y previo a la decisi\u00f3n del Bachillerato Internacional sobre la autorizaci\u00f3n.<\/p>\n\n\n\n<p>El Programa del Diploma, reconocido internacionalmente por su excelencia acad\u00e9mica, contribuir\u00e1 al desarrollo integral de nuestro alumnado y al fomento de su <strong><em>mentalidad internacional<\/em><\/strong>, alineada con la larga trayectoria del IES Vega del Turia como centro Biling\u00fce Franc\u00e9s e Ingl\u00e9s, y participante en el Programa Erasmus+, as\u00ed como, con su amplia experiencia en la organizaci\u00f3n e implementaci\u00f3n de intercambios con Irlanda y Francia.<\/p>\n\n\n\n<p>En el IES Vega del Turia, estamos convencidos de que esta nueva etapa enriquecer\u00e1 a\u00fan m\u00e1s nuestra amplia oferta educativa y abrir\u00e1 nuevas oportunidades para nuestro alumnado y el de todo la provincia de Teruel.<\/p>\n\n\n<ol class=\"wp-block-footnotes\"><li id=\"bc4893c2-78d1-4511-a6cd-81dbc3f275ba\">Solo los <strong>colegios <em>autorizados<\/em><\/strong> por la Organizaci\u00f3n del IB pueden ofrecer cualquiera de sus cuatro programas<br>acad\u00e9micos: el Programa de la Escuela Primaria (PEP), el Programa de los A\u00f1os Intermedios (PAI), el Programa<br>del Diploma (PD) o el Programa de Orientaci\u00f3n Profesional (POP). La categor\u00eda de colegio solicitante no<br>garantiza que el colegio obtendr\u00e1 la autorizaci\u00f3n. Para obtener m\u00e1s informaci\u00f3n sobre el IB y sus programas,<br>visite <a href=\"http:\/\/www.ibo.org\">http:\/\/www.ibo.org<\/a> <a href=\"#bc4893c2-78d1-4511-a6cd-81dbc3f275ba-link\" aria-label=\"Saltar a la referencia de la nota 1\">\u21a9\ufe0e<\/a><\/li><\/ol>","protected":false},"excerpt":{"rendered":"<p>El IES Vega del Turia es un colegio de categor\u00eda solicitante para el Programa del Diploma y desea obtener la autorizaci\u00f3n para ser un Colegio del Mundo del IB. Estos son colegios que comparten una filosof\u00eda com\u00fan: un compromiso con una educaci\u00f3n internacional rigurosa y de calidad que IES Vega del Turia considera que es [&hellip;]<\/p>\n","protected":false},"author":28,"featured_media":0,"parent":0,"menu_order":0,"comment_status":"closed","ping_status":"closed","template":"","meta":{"footnotes":"[{\"id\":\"bc4893c2-78d1-4511-a6cd-81dbc3f275ba\",\"content\":\"Solo los <strong>colegios <em>autorizados<\\\/em><\\\/strong> por la Organizaci\\u00f3n del IB pueden ofrecer cualquiera de sus cuatro programas<br>acad\\u00e9micos: el Programa de la Escuela Primaria (PEP), el Programa de los A\\u00f1os Intermedios (PAI), el Programa<br>del Diploma (PD) o el Programa de Orientaci\\u00f3n Profesional (POP). La categor\\u00eda de colegio solicitante no<br>garantiza que el colegio obtendr\\u00e1 la autorizaci\\u00f3n. Para obtener m\\u00e1s informaci\\u00f3n sobre el IB y sus programas,<br>visite <a href=\\\"http:\\\/\\\/www.ibo.org\\\">http:\\\/\\\/www.ibo.org<\\\/a>\"}]"},"class_list":["post-59","page","type-page","status-publish","hentry"],"_links":{"self":[{"href":"https:\/\/departamentos.iesvegadelturia.es\/bi\/wp-json\/wp\/v2\/pages\/59","targetHints":{"allow":["GET"]}}],"collection":[{"href":"https:\/\/departamentos.iesvegadelturia.es\/bi\/wp-json\/wp\/v2\/pages"}],"about":[{"href":"https:\/\/departamentos.iesvegadelturia.es\/bi\/wp-json\/wp\/v2\/types\/page"}],"author":[{"embeddable":true,"href":"https:\/\/departamentos.iesvegadelturia.es\/bi\/wp-json\/wp\/v2\/users\/28"}],"replies":[{"embeddable":true,"href":"https:\/\/departamentos.iesvegadelturia.es\/bi\/wp-json\/wp\/v2\/comments?post=59"}],"version-history":[{"count":17,"href":"https:\/\/departamentos.iesvegadelturia.es\/bi\/wp-json\/wp\/v2\/pages\/59\/revisions"}],"predecessor-version":[{"id":136,"href":"https:\/\/departamentos.iesvegadelturia.es\/bi\/wp-json\/wp\/v2\/pages\/59\/revisions\/136"}],"wp:attachment":[{"href":"https:\/\/departamentos.iesvegadelturia.es\/bi\/wp-json\/wp\/v2\/media?parent=59"}],"curies":[{"name":"wp","href":"https:\/\/api.w.org\/{rel}","templated":true}]}}