{"id":21,"date":"2023-09-25T22:49:25","date_gmt":"2023-09-25T20:49:25","guid":{"rendered":"https:\/\/departamentos.iesvegadelturia.es\/tecnologia\/?page_id=21"},"modified":"2023-09-26T17:40:55","modified_gmt":"2023-09-26T15:40:55","slug":"el-proyecto","status":"publish","type":"page","link":"https:\/\/departamentos.iesvegadelturia.es\/tecnologia\/el-proyecto\/","title":{"rendered":"El proyecto"},"content":{"rendered":"\n<p>Materiales para el desarrollo del proyecto de Tecnolog\u00eda<\/p>\n\n\n\n<p><a href=\"http:\/\/departamentos.iesvegadelturia.es\/tecnologia\/wp-content\/uploads\/sites\/3\/2023\/09\/proyecto.pdf\" target=\"_blank\" rel=\"noreferrer noopener\">El proyecto t\u00e9cnico<\/a><\/p>\n\n\n\n<p><a href=\"http:\/\/departamentos.iesvegadelturia.es\/tecnologia\/wp-content\/uploads\/sites\/3\/2023\/09\/cajetin.pdf\" target=\"_blank\" rel=\"noreferrer noopener\">Hoja A4 con cajet\u00edn<\/a><\/p>\n\n\n\n<p><a href=\"http:\/\/departamentos.iesvegadelturia.es\/tecnologia\/wp-content\/uploads\/sites\/3\/2023\/09\/hoja_proceso.doc\">Hoja de proceso<\/a><\/p>\n\n\n\n<p><a href=\"http:\/\/departamentos.iesvegadelturia.es\/tecnologia\/wp-content\/uploads\/sites\/3\/2023\/09\/hoja_operaciones.doc\" target=\"_blank\" rel=\"noreferrer noopener\">Hoja de operaciones<\/a><\/p>\n\n\n\n<p><a href=\"http:\/\/departamentos.iesvegadelturia.es\/tecnologia\/wp-content\/uploads\/sites\/3\/2023\/09\/lista_materiales.doc\" target=\"_blank\" rel=\"noreferrer noopener\">Hoja de lista de materiales<\/a><\/p>\n\n\n\n<p><a href=\"http:\/\/departamentos.iesvegadelturia.es\/tecnologia\/wp-content\/uploads\/sites\/3\/2023\/09\/hoja_proceso.doc\" target=\"_blank\" rel=\"noreferrer noopener\">Hoja de presupuesto<\/a><\/p>\n\n\n\n<p><a href=\"http:\/\/departamentos.iesvegadelturia.es\/tecnologia\/wp-content\/uploads\/sites\/3\/2023\/09\/informe.pdf\" target=\"_blank\" rel=\"noreferrer noopener\">Guion informe t\u00e9cnico<\/a><\/p>\n","protected":false},"excerpt":{"rendered":"<p>Materiales para el desarrollo del proyecto de Tecnolog\u00eda El proyecto t\u00e9cnico Hoja A4 con cajet\u00edn Hoja de proceso Hoja de operaciones Hoja de lista de materiales Hoja de presupuesto Guion informe t\u00e9cnico<\/p>\n","protected":false},"author":2,"featured_media":0,"parent":0,"menu_order":0,"comment_status":"closed","ping_status":"closed","template":"","meta":{"footnotes":""},"class_list":["post-21","page","type-page","status-publish","hentry"],"_links":{"self":[{"href":"https:\/\/departamentos.iesvegadelturia.es\/tecnologia\/wp-json\/wp\/v2\/pages\/21","targetHints":{"allow":["GET"]}}],"collection":[{"href":"https:\/\/departamentos.iesvegadelturia.es\/tecnologia\/wp-json\/wp\/v2\/pages"}],"about":[{"href":"https:\/\/departamentos.iesvegadelturia.es\/tecnologia\/wp-json\/wp\/v2\/types\/page"}],"author":[{"embeddable":true,"href":"https:\/\/departamentos.iesvegadelturia.es\/tecnologia\/wp-json\/wp\/v2\/users\/2"}],"replies":[{"embeddable":true,"href":"https:\/\/departamentos.iesvegadelturia.es\/tecnologia\/wp-json\/wp\/v2\/comments?post=21"}],"version-history":[{"count":6,"href":"https:\/\/departamentos.iesvegadelturia.es\/tecnologia\/wp-json\/wp\/v2\/pages\/21\/revisions"}],"predecessor-version":[{"id":75,"href":"https:\/\/departamentos.iesvegadelturia.es\/tecnologia\/wp-json\/wp\/v2\/pages\/21\/revisions\/75"}],"wp:attachment":[{"href":"https:\/\/departamentos.iesvegadelturia.es\/tecnologia\/wp-json\/wp\/v2\/media?parent=21"}],"curies":[{"name":"wp","href":"https:\/\/api.w.org\/{rel}","templated":true}]}}