{"id":46,"date":"2023-09-26T16:31:43","date_gmt":"2023-09-26T14:31:43","guid":{"rendered":"https:\/\/departamentos.iesvegadelturia.es\/tecnologia\/?page_id=46"},"modified":"2025-09-13T18:59:55","modified_gmt":"2025-09-13T16:59:55","slug":"docencia","status":"publish","type":"page","link":"https:\/\/departamentos.iesvegadelturia.es\/tecnologia\/docencia\/","title":{"rendered":"Docencia"},"content":{"rendered":"\n<p><strong>Curso 2025-26<\/strong><\/p>\n\n\n\n<p><\/p>\n\n\n\n<p>Asignaturas de <strong>ESO<\/strong> que imparte el profesorado del Departamento de Tecnolog\u00eda:<\/p>\n\n\n\n<div class=\"wp-block-group has-global-padding is-layout-constrained wp-block-group-is-layout-constrained\">\n<p><strong>2\u00ba ESO<br>Tecnolog\u00eda y Digitalizaci\u00f3n I.&nbsp;<\/strong>Libro de texto de la editorial Teide.<br><strong>Technology and Digitalization I. <\/strong>Libro de texto de la editorial Teide.<\/p>\n\n\n\n<p><strong>3\u00ba ESO<br>Tecnolog\u00eda y Digitalizaci\u00f3n II.<\/strong> Libro de texto de la editorial Teide.<br><strong>Programaci\u00f3n y Rob\u00f3tica (Optativa)<\/strong>. Materiales en el <a href=\"https:\/\/www.iesvegadelturia.es\/moodle\/\" data-type=\"link\" data-id=\"https:\/\/www.iesvegadelturia.es\/moodle\/\">Entorno Digital Docente<\/a>.&nbsp;&nbsp;<br><strong>Technology and Digitalization II. <\/strong>Libro de texto de la editorial Teide.<\/p>\n\n\n\n<p><strong>4\u00ba ESO (optativas)<br>Tecnolog\u00eda<\/strong>. Libro de texto de la editorial Teide.<br><strong>Digitalizaci\u00f3n. <\/strong><a href=\"https:\/\/www.iesvegadelturia.es\/moodle\/\" data-type=\"link\" data-id=\"https:\/\/www.iesvegadelturia.es\/moodle\/\">Entorno digital docente.<\/a><\/p>\n<\/div>\n\n\n\n<p>Materias de <strong>Bachillerato<\/strong> que&nbsp;imparte el profesorado del Departamento de Tecnolog\u00eda:<\/p>\n\n\n\n<p>Modalidades de Bachillerato impartidas en nuestro centro:<\/p>\n\n\n\n<ul class=\"wp-block-list\">\n<li>Ciencias y Tecnolog\u00eda.<\/li>\n\n\n\n<li>Humanidades y Ciencias Sociales.<\/li>\n<\/ul>\n\n\n\n<p>Materias de Bachillerato de<strong> Ciencias y Tecnolog\u00eda<\/strong> del Departamento de Tecnolog\u00eda<\/p>\n\n\n\n<p><\/p>\n\n\n\n<p><strong>1\u00ba Bachillerato<br>Tecnolog\u00eda e Ingenier\u00eda  I<\/strong>. (incluida en la <strong>EVAU<\/strong>) Materiales en el Entorno Digital Docente.&nbsp;<br><strong>Inform\u00e1tica I.<\/strong> Materiales en el <a href=\"https:\/\/www.iesvegadelturia.es\/moodle\/\" data-type=\"link\" data-id=\"https:\/\/www.iesvegadelturia.es\/moodle\/\">Entorno Digital Docente<\/a>.<br><br><strong>2\u00ba Bachillerato<br>Tecnolog\u00eda e Ingenier\u00eda II. <\/strong>(incluida en la <strong>EVAU<\/strong>) Libro de texto: Editorial McGraw-Hill.<br><strong>Inform\u00e1tica II. <\/strong>Materiales en el <a href=\"https:\/\/www.iesvegadelturia.es\/moodle\/\" data-type=\"link\" data-id=\"https:\/\/www.iesvegadelturia.es\/moodle\/\">Entorno Digital Docente<\/a>.<\/p>\n\n\n\n<p>Materias de Bachillerato de <strong>Humanidades y Ciencias Sociales<\/strong> del Departamento de Tecnolog\u00eda<\/p>\n\n\n\n<p><strong>1\u00ba Bachillerato<\/strong>&nbsp;<br><strong>Inform\u00e1tica I.<\/strong> Materiales en el <a href=\"https:\/\/www.iesvegadelturia.es\/moodle\/\" data-type=\"link\" data-id=\"https:\/\/www.iesvegadelturia.es\/moodle\/\">Entorno Digital Docente<\/a>.<br><br><strong>2\u00ba Bachillerato<\/strong><br><strong>Inform\u00e1tica II. <\/strong>Materiales en el <a href=\"https:\/\/www.iesvegadelturia.es\/moodle\/\" data-type=\"link\" data-id=\"https:\/\/www.iesvegadelturia.es\/moodle\/\">Entorno Digital Docente<\/a>.<\/p>\n\n\n\n<p>Si deseas m\u00e1s informaci\u00f3n no dudes en ponerte en contacto con nosotros, nuestro correo&nbsp;electr\u00f3nico&nbsp;es: <strong><a href=\"mailto:tecnologia@iesvegadelturia.es\">tecnologia@iesvegadelturia.es<\/a><\/strong><\/p>\n\n\n\n<p><\/p>\n","protected":false},"excerpt":{"rendered":"<p>Curso 2025-26 Asignaturas de ESO que imparte el profesorado del Departamento de Tecnolog\u00eda: 2\u00ba ESOTecnolog\u00eda y Digitalizaci\u00f3n I.&nbsp;Libro de texto de la editorial Teide.Technology and Digitalization I. Libro de texto de la editorial Teide. 3\u00ba ESOTecnolog\u00eda y Digitalizaci\u00f3n II. Libro de texto de la editorial Teide.Programaci\u00f3n y Rob\u00f3tica (Optativa). Materiales en el Entorno Digital Docente.&nbsp;&nbsp;Technology [&hellip;]<\/p>\n","protected":false},"author":2,"featured_media":0,"parent":0,"menu_order":0,"comment_status":"closed","ping_status":"closed","template":"","meta":{"footnotes":""},"class_list":["post-46","page","type-page","status-publish","hentry"],"_links":{"self":[{"href":"https:\/\/departamentos.iesvegadelturia.es\/tecnologia\/wp-json\/wp\/v2\/pages\/46","targetHints":{"allow":["GET"]}}],"collection":[{"href":"https:\/\/departamentos.iesvegadelturia.es\/tecnologia\/wp-json\/wp\/v2\/pages"}],"about":[{"href":"https:\/\/departamentos.iesvegadelturia.es\/tecnologia\/wp-json\/wp\/v2\/types\/page"}],"author":[{"embeddable":true,"href":"https:\/\/departamentos.iesvegadelturia.es\/tecnologia\/wp-json\/wp\/v2\/users\/2"}],"replies":[{"embeddable":true,"href":"https:\/\/departamentos.iesvegadelturia.es\/tecnologia\/wp-json\/wp\/v2\/comments?post=46"}],"version-history":[{"count":12,"href":"https:\/\/departamentos.iesvegadelturia.es\/tecnologia\/wp-json\/wp\/v2\/pages\/46\/revisions"}],"predecessor-version":[{"id":212,"href":"https:\/\/departamentos.iesvegadelturia.es\/tecnologia\/wp-json\/wp\/v2\/pages\/46\/revisions\/212"}],"wp:attachment":[{"href":"https:\/\/departamentos.iesvegadelturia.es\/tecnologia\/wp-json\/wp\/v2\/media?parent=46"}],"curies":[{"name":"wp","href":"https:\/\/api.w.org\/{rel}","templated":true}]}}