{"id":79,"date":"2023-09-26T23:16:51","date_gmt":"2023-09-26T21:16:51","guid":{"rendered":"https:\/\/departamentos.iesvegadelturia.es\/tecnologia\/?page_id=79"},"modified":"2025-10-11T02:29:18","modified_gmt":"2025-10-11T00:29:18","slug":"pau","status":"publish","type":"page","link":"https:\/\/departamentos.iesvegadelturia.es\/tecnologia\/pau\/","title":{"rendered":"PAU"},"content":{"rendered":"\n<p><strong>Par\u00e1metros de ponderaci\u00f3n: <\/strong><\/p>\n\n\n\n<p><a href=\"https:\/\/universitats.gva.es\/documents\/389338055\/389340585\/PONDERACIONES+2025-cast-Actual25-04-04.pdf\/efc9ec1e-7f78-139f-c4e7-489ace59504c?t=1743765343113\">Ponderaciones Universidad de Valencia<\/a><\/p>\n\n\n\n<p><a href=\"https:\/\/www.upv.es\/entidades\/SA\/acceso\/U0975065.pdf\">Ponderaciones Universidad Polit\u00e9cnica de Valencia<\/a><\/p>\n\n\n\n<p><a rel=\"noreferrer noopener\" href=\"https:\/\/academico.unizar.es\/sites\/academico\/files\/archivos\/acceso\/norma\/anexo1ponder2526.pdf\" target=\"_blank\">Ponderaciones Universidad de Zaragoza<\/a><\/p>\n\n\n\n<p class=\"has-text-align-center\">M\u00e1s informaci\u00f3n de la PAU: <a href=\"https:\/\/academico.unizar.es\/acceso-admision-grado\/pau\/pau\">aqu\u00ed<\/a><\/p>\n","protected":false},"excerpt":{"rendered":"<p>Par\u00e1metros de ponderaci\u00f3n: Ponderaciones Universidad de Valencia Ponderaciones Universidad Polit\u00e9cnica de Valencia Ponderaciones Universidad de Zaragoza M\u00e1s informaci\u00f3n de la PAU: aqu\u00ed<\/p>\n","protected":false},"author":2,"featured_media":0,"parent":0,"menu_order":0,"comment_status":"closed","ping_status":"closed","template":"","meta":{"footnotes":""},"class_list":["post-79","page","type-page","status-publish","hentry"],"_links":{"self":[{"href":"https:\/\/departamentos.iesvegadelturia.es\/tecnologia\/wp-json\/wp\/v2\/pages\/79","targetHints":{"allow":["GET"]}}],"collection":[{"href":"https:\/\/departamentos.iesvegadelturia.es\/tecnologia\/wp-json\/wp\/v2\/pages"}],"about":[{"href":"https:\/\/departamentos.iesvegadelturia.es\/tecnologia\/wp-json\/wp\/v2\/types\/page"}],"author":[{"embeddable":true,"href":"https:\/\/departamentos.iesvegadelturia.es\/tecnologia\/wp-json\/wp\/v2\/users\/2"}],"replies":[{"embeddable":true,"href":"https:\/\/departamentos.iesvegadelturia.es\/tecnologia\/wp-json\/wp\/v2\/comments?post=79"}],"version-history":[{"count":9,"href":"https:\/\/departamentos.iesvegadelturia.es\/tecnologia\/wp-json\/wp\/v2\/pages\/79\/revisions"}],"predecessor-version":[{"id":232,"href":"https:\/\/departamentos.iesvegadelturia.es\/tecnologia\/wp-json\/wp\/v2\/pages\/79\/revisions\/232"}],"wp:attachment":[{"href":"https:\/\/departamentos.iesvegadelturia.es\/tecnologia\/wp-json\/wp\/v2\/media?parent=79"}],"curies":[{"name":"wp","href":"https:\/\/api.w.org\/{rel}","templated":true}]}}